{"id":74,"date":"2019-04-07T19:48:09","date_gmt":"2019-04-07T18:48:09","guid":{"rendered":"http:\/\/www.aquapolwaterproofing.com\/aquapol-reparaciones-de-emergencia\/"},"modified":"2020-11-29T19:20:37","modified_gmt":"2020-11-29T19:20:37","slug":"aquapol-reparaciones-de-emergencia","status":"publish","type":"page","link":"https:\/\/www.aquapolwaterproofing.com\/es\/","title":{"rendered":"Aquapol Reparaciones de Emergencia"},"content":{"rendered":"<div id=\"cs-content\" class=\"cs-content\"><\/div>\n","protected":false},"excerpt":{"rendered":"<p>REVESTIMIENTO IMPERMEABLE INSTANT\u00c1NEO Impermeabilizaci\u00f3n instant\u00e1nea Aplicaci\u00f3n con brocha Una \u00fanica aplicaci\u00f3n Sin imprimaci\u00f3n previa Para todo tipo de soportes, mojados o secos 1. Limpiar 2. Aplicar con brocha 3. Impermeable al instante AQUAPOL es un revestimiento impermeable instant\u00e1neo en base ceras y reforzado con fibras que, con una sola aplicaci\u00f3n, proporciona una membrana continua resistente y flexible para la protecci\u00f3n &#8230; <a href=\"https:\/\/www.aquapolwaterproofing.com\/es\/\" class=\"more-link\">Read More<\/a><\/p>\n","protected":false},"author":1,"featured_media":0,"parent":0,"menu_order":0,"comment_status":"closed","ping_status":"closed","template":"template-blank-4.php","meta":{"footnotes":""},"class_list":["post-74","page","type-page","status-publish","hentry","no-post-thumbnail"],"yoast_head":"<!-- This site is optimized with the Yoast SEO plugin v27.6 - https:\/\/yoast.com\/product\/yoast-seo-wordpress\/ -->\n<title>Aquapol Reparaciones de Emergencia, Revestimiento impermeable instant\u00e1neo<\/title>\n<meta name=\"description\" content=\"AQUAPOL es un revestimiento impermeable instant\u00e1neo que proporciona una membrana para la protecci\u00f3n inmediata y a largo plazo de techos.\" \/>\n<meta name=\"robots\" content=\"index, follow, max-snippet:-1, max-image-preview:large, max-video-preview:-1\" \/>\n<link rel=\"canonical\" href=\"https:\/\/www.aquapolwaterproofing.com\/es\/\" \/>\n<meta property=\"og:locale\" content=\"es_ES\" \/>\n<meta property=\"og:type\" content=\"article\" \/>\n<meta property=\"og:title\" content=\"Aquapol Reparaciones de Emergencia, Revestimiento impermeable instant\u00e1neo\" \/>\n<meta property=\"og:description\" content=\"AQUAPOL es un revestimiento impermeable instant\u00e1neo que proporciona una membrana para la protecci\u00f3n inmediata y a largo plazo de techos.\" \/>\n<meta property=\"og:url\" content=\"https:\/\/www.aquapolwaterproofing.com\/es\/\" \/>\n<meta property=\"og:site_name\" content=\"Aquapol\" \/>\n<meta property=\"article:modified_time\" content=\"2020-11-29T19:20:37+00:00\" \/>\n<meta property=\"og:image\" content=\"https:\/\/www.aquapolwaterproofing.com\/wp-content\/uploads\/aquapol-application.jpg\" \/>\n\t<meta property=\"og:image:width\" content=\"1920\" \/>\n\t<meta property=\"og:image:height\" content=\"724\" \/>\n\t<meta property=\"og:image:type\" content=\"image\/jpeg\" \/>\n<meta name=\"twitter:card\" content=\"summary_large_image\" \/>\n<meta name=\"twitter:image\" content=\"https:\/\/www.aquapolwaterproofing.com\/wp-content\/uploads\/aquapol-application.jpg\" \/>\n<meta name=\"twitter:label1\" content=\"Est. reading time\" \/>\n\t<meta name=\"twitter:data1\" content=\"5 minutes\" \/>\n<script type=\"application\/ld+json\" class=\"yoast-schema-graph\">{\"@context\":\"https:\\\/\\\/schema.org\",\"@graph\":[{\"@type\":\"WebPage\",\"@id\":\"https:\\\/\\\/www.aquapolwaterproofing.com\\\/es\\\/\",\"url\":\"https:\\\/\\\/www.aquapolwaterproofing.com\\\/es\\\/\",\"name\":\"Aquapol Reparaciones de Emergencia, Revestimiento impermeable instant\u00e1neo\",\"isPartOf\":{\"@id\":\"https:\\\/\\\/www.aquapolwaterproofing.com\\\/es\\\/#website\"},\"primaryImageOfPage\":{\"@id\":\"https:\\\/\\\/www.aquapolwaterproofing.com\\\/es\\\/#primaryimage\"},\"image\":{\"@id\":\"https:\\\/\\\/www.aquapolwaterproofing.com\\\/es\\\/#primaryimage\"},\"thumbnailUrl\":\"https:\\\/\\\/www.aquapolwaterproofing.com\\\/wp-content\\\/uploads\\\/seal-great-performance.png\",\"datePublished\":\"2019-04-07T18:48:09+00:00\",\"dateModified\":\"2020-11-29T19:20:37+00:00\",\"description\":\"AQUAPOL es un revestimiento impermeable instant\u00e1neo que proporciona una membrana para la protecci\u00f3n inmediata y a largo plazo de techos.\",\"breadcrumb\":{\"@id\":\"https:\\\/\\\/www.aquapolwaterproofing.com\\\/es\\\/#breadcrumb\"},\"inLanguage\":\"es-ES\",\"potentialAction\":[{\"@type\":\"ReadAction\",\"target\":[\"https:\\\/\\\/www.aquapolwaterproofing.com\\\/es\\\/\"]}]},{\"@type\":\"ImageObject\",\"inLanguage\":\"es-ES\",\"@id\":\"https:\\\/\\\/www.aquapolwaterproofing.com\\\/es\\\/#primaryimage\",\"url\":\"https:\\\/\\\/www.aquapolwaterproofing.com\\\/wp-content\\\/uploads\\\/seal-great-performance.png\",\"contentUrl\":\"https:\\\/\\\/www.aquapolwaterproofing.com\\\/wp-content\\\/uploads\\\/seal-great-performance.png\"},{\"@type\":\"BreadcrumbList\",\"@id\":\"https:\\\/\\\/www.aquapolwaterproofing.com\\\/es\\\/#breadcrumb\",\"itemListElement\":[{\"@type\":\"ListItem\",\"position\":1,\"name\":\"Home\",\"item\":\"https:\\\/\\\/www.aquapolwaterproofing.com\\\/es\\\/aquapol-reparaciones-de-emergencia\\\/\"},{\"@type\":\"ListItem\",\"position\":2,\"name\":\"Aquapol Reparaciones de Emergencia\"}]},{\"@type\":\"WebSite\",\"@id\":\"https:\\\/\\\/www.aquapolwaterproofing.com\\\/es\\\/#website\",\"url\":\"https:\\\/\\\/www.aquapolwaterproofing.com\\\/es\\\/\",\"name\":\"Aquapol\",\"description\":\"Instant Waterproof coating for roofs\",\"publisher\":{\"@id\":\"https:\\\/\\\/www.aquapolwaterproofing.com\\\/es\\\/#organization\"},\"potentialAction\":[{\"@type\":\"SearchAction\",\"target\":{\"@type\":\"EntryPoint\",\"urlTemplate\":\"https:\\\/\\\/www.aquapolwaterproofing.com\\\/es\\\/?s={search_term_string}\"},\"query-input\":{\"@type\":\"PropertyValueSpecification\",\"valueRequired\":true,\"valueName\":\"search_term_string\"}}],\"inLanguage\":\"es-ES\"},{\"@type\":\"Organization\",\"@id\":\"https:\\\/\\\/www.aquapolwaterproofing.com\\\/es\\\/#organization\",\"name\":\"Aquapol\",\"url\":\"https:\\\/\\\/www.aquapolwaterproofing.com\\\/es\\\/\",\"logo\":{\"@type\":\"ImageObject\",\"inLanguage\":\"es-ES\",\"@id\":\"https:\\\/\\\/www.aquapolwaterproofing.com\\\/es\\\/#\\\/schema\\\/logo\\\/image\\\/\",\"url\":\"https:\\\/\\\/www.aquapolwaterproofing.com\\\/wp-content\\\/uploads\\\/aquapol-logo-1000.png\",\"contentUrl\":\"https:\\\/\\\/www.aquapolwaterproofing.com\\\/wp-content\\\/uploads\\\/aquapol-logo-1000.png\",\"width\":1000,\"height\":372,\"caption\":\"Aquapol\"},\"image\":{\"@id\":\"https:\\\/\\\/www.aquapolwaterproofing.com\\\/es\\\/#\\\/schema\\\/logo\\\/image\\\/\"}}]}<\/script>\n<!-- \/ Yoast SEO plugin. -->","yoast_head_json":{"title":"Aquapol Reparaciones de Emergencia, Revestimiento impermeable instant\u00e1neo","description":"AQUAPOL es un revestimiento impermeable instant\u00e1neo que proporciona una membrana para la protecci\u00f3n inmediata y a largo plazo de techos.","robots":{"index":"index","follow":"follow","max-snippet":"max-snippet:-1","max-image-preview":"max-image-preview:large","max-video-preview":"max-video-preview:-1"},"canonical":"https:\/\/www.aquapolwaterproofing.com\/es\/","og_locale":"es_ES","og_type":"article","og_title":"Aquapol Reparaciones de Emergencia, Revestimiento impermeable instant\u00e1neo","og_description":"AQUAPOL es un revestimiento impermeable instant\u00e1neo que proporciona una membrana para la protecci\u00f3n inmediata y a largo plazo de techos.","og_url":"https:\/\/www.aquapolwaterproofing.com\/es\/","og_site_name":"Aquapol","article_modified_time":"2020-11-29T19:20:37+00:00","og_image":[{"width":1920,"height":724,"url":"https:\/\/www.aquapolwaterproofing.com\/wp-content\/uploads\/aquapol-application.jpg","type":"image\/jpeg"}],"twitter_card":"summary_large_image","twitter_image":"https:\/\/www.aquapolwaterproofing.com\/wp-content\/uploads\/aquapol-application.jpg","twitter_misc":{"Est. reading time":"5 minutes"},"schema":{"@context":"https:\/\/schema.org","@graph":[{"@type":"WebPage","@id":"https:\/\/www.aquapolwaterproofing.com\/es\/","url":"https:\/\/www.aquapolwaterproofing.com\/es\/","name":"Aquapol Reparaciones de Emergencia, Revestimiento impermeable instant\u00e1neo","isPartOf":{"@id":"https:\/\/www.aquapolwaterproofing.com\/es\/#website"},"primaryImageOfPage":{"@id":"https:\/\/www.aquapolwaterproofing.com\/es\/#primaryimage"},"image":{"@id":"https:\/\/www.aquapolwaterproofing.com\/es\/#primaryimage"},"thumbnailUrl":"https:\/\/www.aquapolwaterproofing.com\/wp-content\/uploads\/seal-great-performance.png","datePublished":"2019-04-07T18:48:09+00:00","dateModified":"2020-11-29T19:20:37+00:00","description":"AQUAPOL es un revestimiento impermeable instant\u00e1neo que proporciona una membrana para la protecci\u00f3n inmediata y a largo plazo de techos.","breadcrumb":{"@id":"https:\/\/www.aquapolwaterproofing.com\/es\/#breadcrumb"},"inLanguage":"es-ES","potentialAction":[{"@type":"ReadAction","target":["https:\/\/www.aquapolwaterproofing.com\/es\/"]}]},{"@type":"ImageObject","inLanguage":"es-ES","@id":"https:\/\/www.aquapolwaterproofing.com\/es\/#primaryimage","url":"https:\/\/www.aquapolwaterproofing.com\/wp-content\/uploads\/seal-great-performance.png","contentUrl":"https:\/\/www.aquapolwaterproofing.com\/wp-content\/uploads\/seal-great-performance.png"},{"@type":"BreadcrumbList","@id":"https:\/\/www.aquapolwaterproofing.com\/es\/#breadcrumb","itemListElement":[{"@type":"ListItem","position":1,"name":"Home","item":"https:\/\/www.aquapolwaterproofing.com\/es\/aquapol-reparaciones-de-emergencia\/"},{"@type":"ListItem","position":2,"name":"Aquapol Reparaciones de Emergencia"}]},{"@type":"WebSite","@id":"https:\/\/www.aquapolwaterproofing.com\/es\/#website","url":"https:\/\/www.aquapolwaterproofing.com\/es\/","name":"Aquapol","description":"Instant Waterproof coating for roofs","publisher":{"@id":"https:\/\/www.aquapolwaterproofing.com\/es\/#organization"},"potentialAction":[{"@type":"SearchAction","target":{"@type":"EntryPoint","urlTemplate":"https:\/\/www.aquapolwaterproofing.com\/es\/?s={search_term_string}"},"query-input":{"@type":"PropertyValueSpecification","valueRequired":true,"valueName":"search_term_string"}}],"inLanguage":"es-ES"},{"@type":"Organization","@id":"https:\/\/www.aquapolwaterproofing.com\/es\/#organization","name":"Aquapol","url":"https:\/\/www.aquapolwaterproofing.com\/es\/","logo":{"@type":"ImageObject","inLanguage":"es-ES","@id":"https:\/\/www.aquapolwaterproofing.com\/es\/#\/schema\/logo\/image\/","url":"https:\/\/www.aquapolwaterproofing.com\/wp-content\/uploads\/aquapol-logo-1000.png","contentUrl":"https:\/\/www.aquapolwaterproofing.com\/wp-content\/uploads\/aquapol-logo-1000.png","width":1000,"height":372,"caption":"Aquapol"},"image":{"@id":"https:\/\/www.aquapolwaterproofing.com\/es\/#\/schema\/logo\/image\/"}}]}},"_links":{"self":[{"href":"https:\/\/www.aquapolwaterproofing.com\/es\/wp-json\/wp\/v2\/pages\/74","targetHints":{"allow":["GET"]}}],"collection":[{"href":"https:\/\/www.aquapolwaterproofing.com\/es\/wp-json\/wp\/v2\/pages"}],"about":[{"href":"https:\/\/www.aquapolwaterproofing.com\/es\/wp-json\/wp\/v2\/types\/page"}],"author":[{"embeddable":true,"href":"https:\/\/www.aquapolwaterproofing.com\/es\/wp-json\/wp\/v2\/users\/1"}],"replies":[{"embeddable":true,"href":"https:\/\/www.aquapolwaterproofing.com\/es\/wp-json\/wp\/v2\/comments?post=74"}],"version-history":[{"count":12,"href":"https:\/\/www.aquapolwaterproofing.com\/es\/wp-json\/wp\/v2\/pages\/74\/revisions"}],"predecessor-version":[{"id":154,"href":"https:\/\/www.aquapolwaterproofing.com\/es\/wp-json\/wp\/v2\/pages\/74\/revisions\/154"}],"wp:attachment":[{"href":"https:\/\/www.aquapolwaterproofing.com\/es\/wp-json\/wp\/v2\/media?parent=74"}],"curies":[{"name":"wp","href":"https:\/\/api.w.org\/{rel}","templated":true}]}}